{"id":430,"date":"2016-04-26T14:22:44","date_gmt":"2016-04-26T12:22:44","guid":{"rendered":"http:\/\/kuenstlerseele.com\/?page_id=430"},"modified":"2025-05-13T20:22:42","modified_gmt":"2025-05-13T18:22:42","slug":"ueber-mich","status":"publish","type":"page","link":"https:\/\/kuenstlerseele.com\/en\/ueber-mich\/","title":{"rendered":"About"},"content":{"rendered":"<p>&nbsp;<\/p>\n<div id=\"themify_builder_content-430\" data-postid=\"430\" class=\"themify_builder_content themify_builder_content-430 themify_builder\">\n\n    \n\t\t<!-- module_row -->\n\t\t<div  class=\"themify_builder_row module_row clearfix repeat module_row_0 themify_builder_430_row module_row_430-0\" data-id=\"9d0369f\">\n\t\t\t\t\t\t<div class=\"row_inner col_align_top\" >\n                                    <div  class=\"module_column tb-column col3-1 first tb_430_column module_column_0 module_column_430-0-0\" data-id=\"bf32ca7\" >\n                                                                <div class=\"tb-column-inner\">\n                            \n\n    <!-- module image -->\n    <div  id=\"image-430-0-0-0\" class=\"module module-image image-430-0-0-0  image-left\" data-id=\"3e208f1\">\n        <!--insert-->\n        \n        <div class=\"image-wrap\">\n                            <img decoding=\"async\" src=\"http:\/\/kuenstlerseele.com\/wp-content\/uploads\/2021\/10\/Schmetterling-rechts-Icon-1005x1024-150x152.png\" width=\"150\" class=\"wp-post-image wp-image-1046\" alt=\"Schmetterling rechts Icon\" srcset=\"https:\/\/kuenstlerseele.com\/wp-content\/uploads\/2021\/10\/Schmetterling-rechts-Icon-1005x1024-150x152.png 150w, https:\/\/kuenstlerseele.com\/wp-content\/uploads\/2021\/10\/Schmetterling-rechts-Icon-294x300.png 294w, https:\/\/kuenstlerseele.com\/wp-content\/uploads\/2021\/10\/Schmetterling-rechts-Icon-1005x1024.png 1005w, https:\/\/kuenstlerseele.com\/wp-content\/uploads\/2021\/10\/Schmetterling-rechts-Icon-768x783.png 768w, https:\/\/kuenstlerseele.com\/wp-content\/uploads\/2021\/10\/Schmetterling-rechts-Icon-1507x1536.png 1507w, https:\/\/kuenstlerseele.com\/wp-content\/uploads\/2021\/10\/Schmetterling-rechts-Icon-2009x2048.png 2009w, https:\/\/kuenstlerseele.com\/wp-content\/uploads\/2021\/10\/Schmetterling-rechts-Icon-1005x1024-200x203.png 200w, https:\/\/kuenstlerseele.com\/wp-content\/uploads\/2021\/10\/Schmetterling-rechts-Icon.png 2018w\" sizes=\"(max-width: 150px) 100vw, 150px\" \/>            \n                        <\/div>\n            <!-- \/image-wrap -->\n        \n        \n            <\/div>\n    <!-- \/module image -->\n\n                        <\/div>\n                    \t\t<\/div>\n\t\t        <div  class=\"module_column tb-column col3-1 middle tb_430_column module_column_1 module_column_430-0-1\" data-id=\"f2daf83\" >\n                                        \t\t<\/div>\n\t\t        <div  class=\"module_column tb-column col3-1 last tb_430_column module_column_2 module_column_430-0-2 repeat\" data-id=\"70a8dd3\" >\n                                                                <div class=\"tb-column-inner\">\n                            \n\n    <!-- module image -->\n    <div  id=\"image-430-0-2-0\" class=\"module module-image image-430-0-2-0  image-top\" data-id=\"d1395a6\">\n        <!--insert-->\n        \n        <div class=\"image-wrap\">\n                            <img decoding=\"async\" src=\"http:\/\/kuenstlerseele.com\/wp-content\/uploads\/2014\/08\/Schmetterling-links-Icon-1005x1024-100x101.png\" width=\"100\" class=\"wp-post-image wp-image-1032\" alt=\"Schmetterling links Icon\" srcset=\"https:\/\/kuenstlerseele.com\/wp-content\/uploads\/2014\/08\/Schmetterling-links-Icon-1005x1024-100x101.png 100w, https:\/\/kuenstlerseele.com\/wp-content\/uploads\/2014\/08\/Schmetterling-links-Icon-294x300.png 294w, https:\/\/kuenstlerseele.com\/wp-content\/uploads\/2014\/08\/Schmetterling-links-Icon-1005x1024.png 1005w, https:\/\/kuenstlerseele.com\/wp-content\/uploads\/2014\/08\/Schmetterling-links-Icon-1005x1024-150x152.png 150w, https:\/\/kuenstlerseele.com\/wp-content\/uploads\/2014\/08\/Schmetterling-links-Icon-768x783.png 768w, https:\/\/kuenstlerseele.com\/wp-content\/uploads\/2014\/08\/Schmetterling-links-Icon-1507x1536.png 1507w, https:\/\/kuenstlerseele.com\/wp-content\/uploads\/2014\/08\/Schmetterling-links-Icon-2009x2048.png 2009w, https:\/\/kuenstlerseele.com\/wp-content\/uploads\/2014\/08\/Schmetterling-links-Icon.png 2018w\" sizes=\"(max-width: 100px) 100vw, 100px\" \/>            \n                        <\/div>\n            <!-- \/image-wrap -->\n        \n        \n            <\/div>\n    <!-- \/module image -->\n\n                        <\/div>\n                    \t\t<\/div>\n\t\t                                <\/div>\n                                <!-- \/row_inner -->\n                        <\/div>\n                        <!-- \/module_row -->\n\t\t\n\t\t<!-- module_row -->\n\t\t<div  class=\"themify_builder_row module_row clearfix repeat module_row_1 themify_builder_430_row module_row_430-1\" data-id=\"8c679ed\">\n\t\t\t\t\t\t<div class=\"row_inner col_align_top\" >\n                                    <div  class=\"module_column tb-column col4-1 first tb_430_column module_column_0 module_column_430-1-0\" data-id=\"9f65bf3\" >\n                                                                <div class=\"tb-column-inner\">\n                            \n\n<!-- module text -->\n<div  id=\"text-430-1-0-0\" class=\"module module-text text-430-1-0-0  repeat\" data-id=\"c07bad8\">\n    <!--insert-->\n    \n        <p>MY MISSION<\/p>        <\/div>\n<!-- \/module text -->\n\n                        <\/div>\n                    \t\t<\/div>\n\t\t        <div  class=\"module_column tb-column col4-1 second tb_430_column module_column_1 module_column_430-1-1\" data-id=\"3d2d412\" >\n                                        \t\t<\/div>\n\t\t        <div  class=\"module_column tb-column col4-1 third tb_430_column module_column_2 module_column_430-1-2\" data-id=\"a145acb\" >\n                                        \t\t<\/div>\n\t\t        <div  class=\"module_column tb-column col4-1 last tb_430_column module_column_3 module_column_430-1-3\" data-id=\"a3f8485\" >\n                                        \t\t<\/div>\n\t\t                                <\/div>\n                                <!-- \/row_inner -->\n                        <\/div>\n                        <!-- \/module_row -->\n\t\t\n\t\t<!-- module_row -->\n\t\t<div  class=\"themify_builder_row module_row clearfix repeat module_row_2 themify_builder_430_row module_row_430-2\" data-id=\"c985166\">\n\t\t\t\t\t\t<div class=\"row_inner col_align_top\" >\n                                    <div  class=\"module_column tb-column col4-3 first tb_430_column module_column_0 module_column_430-2-0 repeat\" data-id=\"4a5b125\" >\n                                                                <div class=\"tb-column-inner\">\n                            \n\n<!-- module text -->\n<div  id=\"text-430-2-0-0\" class=\"module module-text text-430-2-0-0  repeat\" data-id=\"950552e\">\n    <!--insert-->\n    \n        <p>My mission is to inspire you to be creative and to chase your dreams. Most of the times, we let the fear of the unknown hold us back from starting anything. I want to show you that it is possible and hopefully be a piece of a puzzle that helps you achieve your goals and dreams. Believe in yourself and never, ever give up!<\/p>\n<p>So I would love to share my creative journey with you - my passion and desire to inspire, to encourage, maybe even to teach you something.<\/p>\n<p>We are all humans, which means in itself that we are creative beings. Everyone creates, maybe not always with intension and consciousness, but we definitely create.<\/p>        <\/div>\n<!-- \/module text -->\n\n                        <\/div>\n                    \t\t<\/div>\n\t\t        <div  class=\"module_column tb-column col4-1 last tb_430_column module_column_1 module_column_430-2-1\" data-id=\"a7488db\" >\n                                                                <div class=\"tb-column-inner\">\n                            \n\n    <!-- module image -->\n    <div  id=\"image-430-2-1-0\" class=\"module module-image image-430-2-1-0 circle image-right   auto_fullwidth\" data-id=\"9d68edd\">\n        <!--insert-->\n        \n        <div class=\"image-wrap\">\n                            <img decoding=\"async\" src=\"http:\/\/kuenstlerseele.com\/wp-content\/uploads\/2025\/05\/IMG_6527-1024x1024-150x150.png\" width=\"150\" class=\"wp-post-image wp-image-1694\" alt=\"IMG_6527\" srcset=\"https:\/\/kuenstlerseele.com\/wp-content\/uploads\/2025\/05\/IMG_6527-1024x1024-150x150.png 150w, https:\/\/kuenstlerseele.com\/wp-content\/uploads\/2025\/05\/IMG_6527-300x300.png 300w, https:\/\/kuenstlerseele.com\/wp-content\/uploads\/2025\/05\/IMG_6527-1024x1024.png 1024w, https:\/\/kuenstlerseele.com\/wp-content\/uploads\/2025\/05\/IMG_6527-768x768.png 768w, https:\/\/kuenstlerseele.com\/wp-content\/uploads\/2025\/05\/IMG_6527-1536x1536.png 1536w, https:\/\/kuenstlerseele.com\/wp-content\/uploads\/2025\/05\/IMG_6527-12x12.png 12w, https:\/\/kuenstlerseele.com\/wp-content\/uploads\/2025\/05\/IMG_6527.png 2048w\" sizes=\"(max-width: 150px) 100vw, 150px\" \/>            \n                        <\/div>\n            <!-- \/image-wrap -->\n        \n        \n            <\/div>\n    <!-- \/module image -->\n\n                        <\/div>\n                    \t\t<\/div>\n\t\t                                <\/div>\n                                <!-- \/row_inner -->\n                        <\/div>\n                        <!-- \/module_row -->\n\t\t\n\t\t<!-- module_row -->\n\t\t<div  class=\"themify_builder_row module_row clearfix module_row_3 themify_builder_430_row module_row_430-3\" data-id=\"be7f847\">\n\t\t\t\t\t\t<div class=\"row_inner col_align_top\" >\n                                    <div  class=\"module_column tb-column col-full first tb_430_column module_column_0 module_column_430-3-0\" data-id=\"f8619ed\" >\n                                                                <div class=\"tb-column-inner\">\n                            \n\n    <!-- module image -->\n    <div  id=\"image-430-3-0-0\" class=\"module module-image image-430-3-0-0  image-center\" data-id=\"1f7be79\">\n        <!--insert-->\n        \n        <div class=\"image-wrap\">\n                            <img decoding=\"async\" src=\"http:\/\/kuenstlerseele.com\/wp-content\/uploads\/2016\/05\/Zwischenborte-300x60.png\" width=\"300\" class=\"wp-post-image wp-image-448\" alt=\"Zwischenborte\" srcset=\"https:\/\/kuenstlerseele.com\/wp-content\/uploads\/2016\/05\/Zwischenborte-300x60.png 300w, https:\/\/kuenstlerseele.com\/wp-content\/uploads\/2016\/05\/Zwischenborte.png 500w, https:\/\/kuenstlerseele.com\/wp-content\/uploads\/2016\/05\/Zwischenborte-250x50.png 250w, https:\/\/kuenstlerseele.com\/wp-content\/uploads\/2016\/05\/Zwischenborte-400x80.png 400w\" sizes=\"(max-width: 300px) 100vw, 300px\" \/>            \n                        <\/div>\n            <!-- \/image-wrap -->\n        \n        \n            <\/div>\n    <!-- \/module image -->\n\n                        <\/div>\n                    \t\t<\/div>\n\t\t                                <\/div>\n                                <!-- \/row_inner -->\n                        <\/div>\n                        <!-- \/module_row -->\n\t\t\n\t\t<!-- module_row -->\n\t\t<div  class=\"themify_builder_row module_row clearfix module_row_4 themify_builder_430_row module_row_430-4\" data-id=\"4d9c7d8\">\n\t\t\t\t\t\t<div class=\"row_inner col_align_top\" >\n                                    <div  class=\"module_column tb-column col-full first tb_430_column module_column_0 module_column_430-4-0\" data-id=\"d634a1d\" >\n                                                                <div class=\"tb-column-inner\">\n                            \n\n    <!-- module image -->\n    <div  id=\"image-430-4-0-0\" class=\"module module-image image-430-4-0-0  image-top\" data-id=\"aa613a4\">\n        <!--insert-->\n        \n        <div class=\"image-wrap\">\n                            <img decoding=\"async\" src=\"http:\/\/kuenstlerseele.com\/wp-content\/uploads\/2021\/10\/Schmetterlingsschwarm-Icon-1024x568-500x277.png\" width=\"500\" class=\"wp-post-image wp-image-1053\" alt=\"Schmetterlingsschwarm Icon\" srcset=\"https:\/\/kuenstlerseele.com\/wp-content\/uploads\/2021\/10\/Schmetterlingsschwarm-Icon-1024x568-500x277.png 500w, https:\/\/kuenstlerseele.com\/wp-content\/uploads\/2021\/10\/Schmetterlingsschwarm-Icon-300x167.png 300w, https:\/\/kuenstlerseele.com\/wp-content\/uploads\/2021\/10\/Schmetterlingsschwarm-Icon-1024x568.png 1024w, https:\/\/kuenstlerseele.com\/wp-content\/uploads\/2021\/10\/Schmetterlingsschwarm-Icon-768x426.png 768w, https:\/\/kuenstlerseele.com\/wp-content\/uploads\/2021\/10\/Schmetterlingsschwarm-Icon-1536x853.png 1536w, https:\/\/kuenstlerseele.com\/wp-content\/uploads\/2021\/10\/Schmetterlingsschwarm-Icon-2048x1137.png 2048w, https:\/\/kuenstlerseele.com\/wp-content\/uploads\/2021\/10\/Schmetterlingsschwarm-Icon-1024x568-800x444.png 800w\" sizes=\"(max-width: 500px) 100vw, 500px\" \/>            \n                        <\/div>\n            <!-- \/image-wrap -->\n        \n        \n            <\/div>\n    <!-- \/module image -->\n\n                        <\/div>\n                    \t\t<\/div>\n\t\t                                <\/div>\n                                <!-- \/row_inner -->\n                        <\/div>\n                        <!-- \/module_row -->\n\t\t<\/div>","protected":false},"excerpt":{"rendered":"<p>&nbsp; MEINE MISSION Mein Wunsch ist es, dich zu inspirieren und kreativ zu sein. Meistens lassen wir uns von der Angst vor dem Unbekannten davon abhalten, etwas zu beginnen. Ich m\u00f6chte dir zeigen, dass es m\u00f6glich ist und hoffentlich ein Teil des Puzzles sein, das dir hilft, deine Ziele und Tr\u00e4ume zu erreichen. Glaube an [&hellip;]<\/p>","protected":false},"author":1,"featured_media":0,"parent":0,"menu_order":0,"comment_status":"closed","ping_status":"closed","template":"","meta":{"spay_email":"","footnotes":""},"class_list":["post-430","page","type-page","status-publish","hentry","has-post-title","no-post-date","no-post-category","no-post-tag","no-post-comment","no-post-author",""],"jetpack_sharing_enabled":true,"jetpack_shortlink":"https:\/\/wp.me\/P6Bcgz-6W","_links":{"self":[{"href":"https:\/\/kuenstlerseele.com\/en\/wp-json\/wp\/v2\/pages\/430","targetHints":{"allow":["GET"]}}],"collection":[{"href":"https:\/\/kuenstlerseele.com\/en\/wp-json\/wp\/v2\/pages"}],"about":[{"href":"https:\/\/kuenstlerseele.com\/en\/wp-json\/wp\/v2\/types\/page"}],"author":[{"embeddable":true,"href":"https:\/\/kuenstlerseele.com\/en\/wp-json\/wp\/v2\/users\/1"}],"replies":[{"embeddable":true,"href":"https:\/\/kuenstlerseele.com\/en\/wp-json\/wp\/v2\/comments?post=430"}],"version-history":[{"count":76,"href":"https:\/\/kuenstlerseele.com\/en\/wp-json\/wp\/v2\/pages\/430\/revisions"}],"predecessor-version":[{"id":1704,"href":"https:\/\/kuenstlerseele.com\/en\/wp-json\/wp\/v2\/pages\/430\/revisions\/1704"}],"wp:attachment":[{"href":"https:\/\/kuenstlerseele.com\/en\/wp-json\/wp\/v2\/media?parent=430"}],"curies":[{"name":"wp","href":"https:\/\/api.w.org\/{rel}","templated":true}]}}